{"id":29,"date":"2021-05-18T00:00:56","date_gmt":"2021-05-17T22:00:56","guid":{"rendered":"https:\/\/chmontenegrocompany.me\/?page_id=29"},"modified":"2025-09-11T23:17:10","modified_gmt":"2025-09-11T21:17:10","slug":"montenegro","status":"publish","type":"page","link":"https:\/\/chmontenegrocompany.me\/","title":{"rendered":"Karada\u011f"},"content":{"rendered":"\n<p class=\"has-small-font-size\">Karada\u011f; ye\u015fil da\u011flar\u0131 ve turkuaz deniziyle <strong>&#8216;Balkanlar\u0131n cenneti&#8217;<\/strong> olarak da an\u0131lmaktad\u0131r. Do\u011fas\u0131, s\u0131cakkanl\u0131 insanlar\u0131 ve g\u00fcvenilirli\u011fi sayesinde turistler taraf\u0131ndan olduk\u00e7a ilgi g\u00f6rmektedir. \u00dclkenin ba\u015fkenti<strong> Podgorica&#8217;d\u0131r. <\/strong>Resmi dil olan Karada\u011fca d\u0131\u015f\u0131nda S\u0131rp\u00e7a, Bo\u015fnak\u00e7a, Arnavut\u00e7a gibi diller de konu\u015fulmaktad\u0131r. Para birimi olarak Euro kullan\u0131lmaktad\u0131r. Yerel saat T\u00fcrkiye saatine g\u00f6re<strong> 2<\/strong> saat daha geridir. Karada\u011f&#8217;a yap\u0131lan, s\u00fcresi <strong>90 g\u00fcn\u00fc<\/strong> a\u015fmayan ziyaretlerde vize gerekmemektedir. <strong>\u0130klim ve Hava Durumu<\/strong>: \u0130klim farkl\u0131l\u0131k g\u00f6stermektedir. Ancak genel olarak Akdeniz ikliminin etkisi alt\u0131ndad\u0131r. Y\u00fcksek b\u00f6lgelerde sert, vadilerde ise \u0131l\u0131man iklim g\u00f6r\u00fcl\u00fcr. Yazlar kuru ve s\u0131cak, k\u0131\u015flar nemli ve bol ya\u011f\u0131\u015fl\u0131d\u0131r.<\/p>\n\n\n\n<ul class=\"wp-block-list\">\n<li class=\"has-small-font-size\"><strong>N\u00fcfusu:&nbsp;<\/strong>621.873 (2020)<\/li>\n\n\n\n<li class=\"has-small-font-size\"><strong>Ba\u015fkenti:&nbsp;<\/strong>PODGOR\u0130CA<\/li>\n\n\n\n<li class=\"has-small-font-size\"><strong>En b\u00fcy\u00fck \u015fehirleri:&nbsp;<\/strong>BUDVA,PODGOR\u0130CA,T\u0130VAT,KOTOR,HERCEG NOV\u0130<\/li>\n\n\n\n<li class=\"has-small-font-size\"><strong>Alan kodu:&nbsp;<\/strong>+382<\/li>\n\n\n\n<li class=\"has-small-font-size\"><strong>\u0130nternet \u00fclke alan kodu:<\/strong>me<\/li>\n<\/ul>\n\n\n\n<p><\/p>\n\n\n\n<p class=\"has-small-font-size\"><strong>Lokasyon-Konum<\/strong>: G\u00fcneydo\u011fu Avrupa&#8217;da yer al\u0131r. Do\u011fusunda <strong>Kosova,<\/strong> g\u00fcneydo\u011fusunda<strong> Arnavutluk<\/strong>, kuzeyinde <strong>S\u0131rbistan<\/strong>, bat\u0131s\u0131nda<strong> H\u0131rvatistan ve Bosna-Hersek<\/strong> ile kom\u015fudur. G\u00fcneyinde <strong>Adriyatik Denizi <\/strong>yer al\u0131r.<\/p>\n\n\n\n<p><\/p>\n\n\n\n<p><\/p>\n\n\n<div class=\"wp-block-image is-style-rounded\">\n<figure class=\"aligncenter size-large is-resized\"><img loading=\"lazy\" decoding=\"async\" width=\"1024\" height=\"768\" src=\"https:\/\/chmontenegrocompany.me\/wp-content\/uploads\/2023\/06\/FOTO-5-1024x768.jpg\" alt=\"\" class=\"wp-image-2328\" style=\"width:478px\" srcset=\"https:\/\/chmontenegrocompany.me\/wp-content\/uploads\/2023\/06\/FOTO-5-1024x768.jpg 1024w, https:\/\/chmontenegrocompany.me\/wp-content\/uploads\/2023\/06\/FOTO-5-600x450.jpg 600w, https:\/\/chmontenegrocompany.me\/wp-content\/uploads\/2023\/06\/FOTO-5-300x225.jpg 300w, https:\/\/chmontenegrocompany.me\/wp-content\/uploads\/2023\/06\/FOTO-5-768x576.jpg 768w, https:\/\/chmontenegrocompany.me\/wp-content\/uploads\/2023\/06\/FOTO-5-1536x1152.jpg 1536w, https:\/\/chmontenegrocompany.me\/wp-content\/uploads\/2023\/06\/FOTO-5-2048x1536.jpg 2048w\" sizes=\"auto, (max-width: 1024px) 100vw, 1024px\" \/><\/figure><\/div>","protected":false},"excerpt":{"rendered":"<p>Karada\u011f; ye\u015fil da\u011flar\u0131 ve turkuaz deniziyle &#8216;Balkanlar\u0131n cenneti&#8217; olarak da an\u0131lmaktad\u0131r. Do\u011fas\u0131, s\u0131cakkanl\u0131 insanlar\u0131 ve g\u00fcvenilirli\u011fi sayesinde turistler taraf\u0131ndan olduk\u00e7a ilgi g\u00f6rmektedir. \u00dclkenin ba\u015fkenti Podgorica&#8217;d\u0131r. Resmi dil olan Karada\u011fca d\u0131\u015f\u0131nda S\u0131rp\u00e7a, Bo\u015fnak\u00e7a, Arnavut\u00e7a gibi diller de konu\u015fulmaktad\u0131r. Para birimi olarak Euro kullan\u0131lmaktad\u0131r. Yerel saat T\u00fcrkiye saatine g\u00f6re 2 saat daha geridir. Karada\u011f&#8217;a yap\u0131lan, s\u00fcresi 90 [&hellip;]<\/p>\n","protected":false},"author":1,"featured_media":0,"parent":0,"menu_order":0,"comment_status":"closed","ping_status":"closed","template":"","meta":{"footnotes":""},"class_list":["post-29","page","type-page","status-publish","hentry"],"_links":{"self":[{"href":"https:\/\/chmontenegrocompany.me\/index.php?rest_route=\/wp\/v2\/pages\/29","targetHints":{"allow":["GET"]}}],"collection":[{"href":"https:\/\/chmontenegrocompany.me\/index.php?rest_route=\/wp\/v2\/pages"}],"about":[{"href":"https:\/\/chmontenegrocompany.me\/index.php?rest_route=\/wp\/v2\/types\/page"}],"author":[{"embeddable":true,"href":"https:\/\/chmontenegrocompany.me\/index.php?rest_route=\/wp\/v2\/users\/1"}],"replies":[{"embeddable":true,"href":"https:\/\/chmontenegrocompany.me\/index.php?rest_route=%2Fwp%2Fv2%2Fcomments&post=29"}],"version-history":[{"count":5,"href":"https:\/\/chmontenegrocompany.me\/index.php?rest_route=\/wp\/v2\/pages\/29\/revisions"}],"predecessor-version":[{"id":2941,"href":"https:\/\/chmontenegrocompany.me\/index.php?rest_route=\/wp\/v2\/pages\/29\/revisions\/2941"}],"wp:attachment":[{"href":"https:\/\/chmontenegrocompany.me\/index.php?rest_route=%2Fwp%2Fv2%2Fmedia&parent=29"}],"curies":[{"name":"wp","href":"https:\/\/api.w.org\/{rel}","templated":true}]}}