{"id":30,"date":"2021-05-18T00:00:56","date_gmt":"2021-05-18T00:00:56","guid":{"rendered":"https:\/\/chmontenegrocompany.me\/?page_id=30"},"modified":"2025-09-20T22:48:17","modified_gmt":"2025-09-20T20:48:17","slug":"projeler","status":"publish","type":"page","link":"https:\/\/chmontenegrocompany.me\/?page_id=30","title":{"rendered":"Yunanistan Otel Projesi"},"content":{"rendered":"\n<p class=\"has-text-align-center has-small-font-size\" style=\"letter-spacing:0px\">Yunanistan \u015firket ofisimizin yaratt\u0131\u011f\u0131 otel projesi i\u00e7in arsa al\u0131m\u0131 tamamlanm\u0131\u015f olup resmi i\u015flemlerin bitmesine m\u00fcteakip in\u015faat\u0131na ba\u015flanacakt\u0131r. Sa\u011fl\u0131k ile turizm birle\u015ftiren yeni bir konsept ile hizmet verecektir. Lokasyon Dedea\u011fa\u00e7 b\u00f6lgesi olup ye\u015fil enerji ve s\u0131f\u0131r at\u0131k kurallar\u0131na g\u00f6re in\u015fa edilecek olup misafirler i\u00e7in ki\u015fiye \u00f6zel tatil program\u0131 ile unutulmayacak bir tatil ya\u015fatacakt\u0131r.<\/p>\n\n\n\n<div class=\"wp-block-group\"><div class=\"wp-block-group__inner-container is-layout-constrained wp-block-group-is-layout-constrained\"><div class=\"wp-block-image\">\n<figure class=\"aligncenter size-large is-resized\"><img loading=\"lazy\" decoding=\"async\" width=\"1024\" height=\"929\" src=\"https:\/\/chmontenegrocompany.me\/wp-content\/uploads\/2025\/09\/5-1-1024x929.jpeg\" alt=\"\" class=\"wp-image-2958\" style=\"width:608px;height:auto\" srcset=\"https:\/\/chmontenegrocompany.me\/wp-content\/uploads\/2025\/09\/5-1-1024x929.jpeg 1024w, https:\/\/chmontenegrocompany.me\/wp-content\/uploads\/2025\/09\/5-1-300x272.jpeg 300w, https:\/\/chmontenegrocompany.me\/wp-content\/uploads\/2025\/09\/5-1-768x696.jpeg 768w, https:\/\/chmontenegrocompany.me\/wp-content\/uploads\/2025\/09\/5-1-1536x1393.jpeg 1536w, https:\/\/chmontenegrocompany.me\/wp-content\/uploads\/2025\/09\/5-1.jpeg 2048w\" sizes=\"auto, (max-width: 1024px) 100vw, 1024px\" \/><\/figure><\/div><\/div><\/div>\n\n\n\n<div class=\"wp-block-columns is-layout-flex wp-container-core-columns-is-layout-9d6595d7 wp-block-columns-is-layout-flex\">\n<div class=\"wp-block-column is-layout-flow wp-block-column-is-layout-flow\">\n<div class=\"wp-block-group\"><div class=\"wp-block-group__inner-container is-layout-constrained wp-block-group-is-layout-constrained\"><div class=\"wp-block-image\">\n<figure class=\"aligncenter size-large is-resized\"><img loading=\"lazy\" decoding=\"async\" width=\"1024\" height=\"925\" src=\"https:\/\/chmontenegrocompany.me\/wp-content\/uploads\/2025\/09\/2-1-1024x925.jpeg\" alt=\"\" class=\"wp-image-2960\" style=\"aspect-ratio:1;object-fit:cover;width:364px;height:auto\" srcset=\"https:\/\/chmontenegrocompany.me\/wp-content\/uploads\/2025\/09\/2-1-1024x925.jpeg 1024w, https:\/\/chmontenegrocompany.me\/wp-content\/uploads\/2025\/09\/2-1-300x271.jpeg 300w, https:\/\/chmontenegrocompany.me\/wp-content\/uploads\/2025\/09\/2-1-768x694.jpeg 768w, https:\/\/chmontenegrocompany.me\/wp-content\/uploads\/2025\/09\/2-1-1536x1388.jpeg 1536w, https:\/\/chmontenegrocompany.me\/wp-content\/uploads\/2025\/09\/2-1.jpeg 2048w\" sizes=\"auto, (max-width: 1024px) 100vw, 1024px\" \/><\/figure><\/div>\n\n\n<div class=\"wp-block-group\"><div class=\"wp-block-group__inner-container is-layout-constrained wp-block-group-is-layout-constrained\"><div class=\"wp-block-image\">\n<figure class=\"aligncenter size-large is-resized\"><img loading=\"lazy\" decoding=\"async\" width=\"1024\" height=\"949\" src=\"https:\/\/chmontenegrocompany.me\/wp-content\/uploads\/2025\/09\/1-2-1024x949.jpeg\" alt=\"\" class=\"wp-image-2964\" style=\"width:364px;height:auto\" srcset=\"https:\/\/chmontenegrocompany.me\/wp-content\/uploads\/2025\/09\/1-2-1024x949.jpeg 1024w, https:\/\/chmontenegrocompany.me\/wp-content\/uploads\/2025\/09\/1-2-300x278.jpeg 300w, https:\/\/chmontenegrocompany.me\/wp-content\/uploads\/2025\/09\/1-2-768x711.jpeg 768w, https:\/\/chmontenegrocompany.me\/wp-content\/uploads\/2025\/09\/1-2-1536x1423.jpeg 1536w, https:\/\/chmontenegrocompany.me\/wp-content\/uploads\/2025\/09\/1-2.jpeg 2048w\" sizes=\"auto, (max-width: 1024px) 100vw, 1024px\" \/><\/figure><\/div><\/div><\/div>\n<\/div><\/div>\n<\/div>\n<\/div>\n\n\n\n<p><\/p>\n","protected":false},"excerpt":{"rendered":"<p>Yunanistan \u015firket ofisimizin yaratt\u0131\u011f\u0131 otel projesi i\u00e7in arsa al\u0131m\u0131 tamamlanm\u0131\u015f olup resmi i\u015flemlerin bitmesine m\u00fcteakip in\u015faat\u0131na ba\u015flanacakt\u0131r. Sa\u011fl\u0131k ile turizm birle\u015ftiren yeni bir konsept ile hizmet verecektir. Lokasyon Dedea\u011fa\u00e7 b\u00f6lgesi olup ye\u015fil enerji ve s\u0131f\u0131r at\u0131k kurallar\u0131na g\u00f6re in\u015fa edilecek olup misafirler i\u00e7in ki\u015fiye \u00f6zel tatil program\u0131 ile unutulmayacak bir tatil ya\u015fatacakt\u0131r.<\/p>\n","protected":false},"author":1,"featured_media":0,"parent":0,"menu_order":0,"comment_status":"closed","ping_status":"closed","template":"","meta":{"footnotes":""},"class_list":["post-30","page","type-page","status-publish","hentry"],"_links":{"self":[{"href":"https:\/\/chmontenegrocompany.me\/index.php?rest_route=\/wp\/v2\/pages\/30","targetHints":{"allow":["GET"]}}],"collection":[{"href":"https:\/\/chmontenegrocompany.me\/index.php?rest_route=\/wp\/v2\/pages"}],"about":[{"href":"https:\/\/chmontenegrocompany.me\/index.php?rest_route=\/wp\/v2\/types\/page"}],"author":[{"embeddable":true,"href":"https:\/\/chmontenegrocompany.me\/index.php?rest_route=\/wp\/v2\/users\/1"}],"replies":[{"embeddable":true,"href":"https:\/\/chmontenegrocompany.me\/index.php?rest_route=%2Fwp%2Fv2%2Fcomments&post=30"}],"version-history":[{"count":5,"href":"https:\/\/chmontenegrocompany.me\/index.php?rest_route=\/wp\/v2\/pages\/30\/revisions"}],"predecessor-version":[{"id":2966,"href":"https:\/\/chmontenegrocompany.me\/index.php?rest_route=\/wp\/v2\/pages\/30\/revisions\/2966"}],"wp:attachment":[{"href":"https:\/\/chmontenegrocompany.me\/index.php?rest_route=%2Fwp%2Fv2%2Fmedia&parent=30"}],"curies":[{"name":"wp","href":"https:\/\/api.w.org\/{rel}","templated":true}]}}