{"id":31,"date":"2021-05-18T00:00:56","date_gmt":"2021-05-17T22:00:56","guid":{"rendered":"https:\/\/chmontenegrocompany.me\/?page_id=31"},"modified":"2025-09-11T19:55:22","modified_gmt":"2025-09-11T17:55:22","slug":"saglik-turizmi-ve-biz","status":"publish","type":"page","link":"https:\/\/chmontenegrocompany.me\/?page_id=31","title":{"rendered":"Sa\u011fl\u0131k Turizmi"},"content":{"rendered":"\n<p class=\"has-text-align-center has-small-font-size\" style=\"letter-spacing:0px\"><strong>\u0130stanbul ve Antalya&#8217;da<\/strong> anla\u015fmal\u0131 kliniklerimizde;<\/p>\n\n\n\n<p class=\"has-text-align-center has-small-font-size\" style=\"letter-spacing:0px\"><strong> Plastik ve Rekonstr\u00fcktif Cerrahi, Di\u015f Tedavileri, Sa\u00e7 ekimi<\/strong> <\/p>\n\n\n\n<p class=\"has-text-align-center has-small-font-size\" style=\"letter-spacing:0px\">alanlar\u0131nda yabanc\u0131 hastalara dan\u0131\u015fmanl\u0131k ve tedavi hizmetleri veriyoruz. <\/p>\n\n\n\n<p class=\"has-text-align-center has-small-font-size\" style=\"letter-spacing:0px\"><strong>Hollanda, Almanya, \u0130ngiltere, Rusya, Norve\u00e7  ve Ukrayna<\/strong> &#8216; da \u015firketimize <\/p>\n\n\n\n<p class=\"has-text-align-center has-small-font-size\" style=\"letter-spacing:0px\">ba\u011fl\u0131 irtibat ofislerimiz ile geni\u015f hasta portf\u00f6y\u00fcne sahibiz.<\/p>\n\n\n\n<p class=\"has-text-align-center has-small-font-size\" style=\"letter-spacing:0px\"> T\u00fcm hastalara ilk t\u0131bbi bilgilendirmeleri \u015fahsen kendimiz yap\u0131yoruz. <\/p>\n\n\n\n<p class=\"has-text-align-center has-small-font-size\" style=\"letter-spacing:0px\"><strong>Sa\u011fl\u0131\u011f\u0131n bir ekonomik kazan\u00e7 kap\u0131s\u0131 olmayaca\u011f\u0131 bilinci ile  hastalar\u0131m\u0131z\u0131n <\/strong><\/p>\n\n\n\n<p class=\"has-text-align-center has-small-font-size\" style=\"letter-spacing:0px\"><strong>psikolojik ve fizyolojik iyili\u011fin sa\u011flanmas\u0131 i\u00e7in  kaliteli hizmet \u00fcretmeye \u00e7aba sarf etmekteyiz.<\/strong><\/p>\n\n\n\n<p class=\"has-text-align-center has-small-font-size\" style=\"letter-spacing:0px\"><strong>Kliniklerimizde ; <\/strong><\/p>\n\n\n\n<p class=\"has-text-align-center has-small-font-size\" style=\"letter-spacing:0px\">Meme b\u00fcy\u00fcltme &#8211; k\u00fc\u00e7\u00fcltme Kar\u0131n ve burun ameliyatlar\u0131, <\/p>\n\n\n\n<p class=\"has-text-align-center has-small-font-size\" style=\"letter-spacing:0px\">Liposuction, Obezite cerrahisi , Brasilian popo lift, <\/p>\n\n\n\n<p class=\"has-text-align-center has-small-font-size\" style=\"letter-spacing:0px\">Y\u00fcz germe, \u00c7ene operasyonlar\u0131, <\/p>\n\n\n\n<p class=\"has-text-align-center has-small-font-size\" style=\"letter-spacing:0px\">G\u00f6z kapa\u011f\u0131 operasyonlar\u0131, <\/p>\n\n\n\n<p class=\"has-text-align-center has-small-font-size\" style=\"letter-spacing:0px\">Botoks ve dolgu, PRP, Mezoterapi,<\/p>\n\n\n\n<p class=\"has-text-align-center has-small-font-size\" style=\"letter-spacing:0px\"> Facelift, K\u00f6k h\u00fccre tedavisi, Jawline dolgu, <\/p>\n\n\n\n<p class=\"has-text-align-center has-small-font-size\" style=\"letter-spacing:0px\">Laser tedavileri, <\/p>\n\n\n\n<p class=\"has-text-align-center has-small-font-size\" style=\"letter-spacing:0px\">Erkeklerde jinekomasti operasyonlar\u0131 ,<\/p>\n\n\n\n<p class=\"has-text-align-center has-small-font-size\" style=\"letter-spacing:0px\">Sa\u00e7 ekimi (FUE) gibi t\u00fcm operasyonlar\u0131<\/p>\n\n\n\n<p class=\"has-text-align-center has-small-font-size\" style=\"letter-spacing:0px\"> kendi alan\u0131nda uzman hekim arkada\u015flar\u0131m\u0131z ile hizmet vermekteyiz. <\/p>\n\n\n\n<p class=\"has-text-align-center has-small-font-size\" style=\"letter-spacing:0px\">Ayr\u0131ca <strong>Di\u015f Kliniklerimizde <\/strong>estetik g\u00fcl\u00fc\u015f tasar\u0131m\u0131, <\/p>\n\n\n\n<p class=\"has-text-align-center has-small-font-size\" style=\"letter-spacing:0px\">implantoloji, estetik zirkonyum kamplama, <\/p>\n\n\n\n<p class=\"has-text-align-center has-small-font-size\" style=\"letter-spacing:0px\">periodontoloji, laminate veneer, <\/p>\n\n\n\n<p class=\"has-text-align-center has-small-font-size\" style=\"letter-spacing:0px\">pembe estetik alanlar\u0131nda hizmet vermekteyiz.<\/p>\n\n\n\n<div class=\"wp-block-group\"><div class=\"wp-block-group__inner-container is-layout-flow wp-block-group-is-layout-flow\">\n<div class=\"wp-block-columns is-layout-flex wp-container-core-columns-is-layout-9d6595d7 wp-block-columns-is-layout-flex\">\n<div class=\"wp-block-column has-small-font-size is-layout-flow wp-block-column-is-layout-flow\">\n<figure class=\"wp-block-gallery has-nested-images columns-default is-cropped wp-block-gallery-1 is-layout-flex wp-block-gallery-is-layout-flex\">\n<figure class=\"wp-block-image size-large is-style-rounded\"><img loading=\"lazy\" decoding=\"async\" width=\"768\" height=\"512\" data-id=\"716\" src=\"https:\/\/chmontenegrocompany.me\/wp-content\/uploads\/2021\/08\/8.jpg\" alt=\"\" class=\"wp-image-716\" srcset=\"https:\/\/chmontenegrocompany.me\/wp-content\/uploads\/2021\/08\/8.jpg 768w, https:\/\/chmontenegrocompany.me\/wp-content\/uploads\/2021\/08\/8-600x400.jpg 600w, https:\/\/chmontenegrocompany.me\/wp-content\/uploads\/2021\/08\/8-300x200.jpg 300w\" sizes=\"auto, (max-width: 768px) 100vw, 768px\" \/><\/figure>\n\n\n\n<figure class=\"wp-block-image size-large\"><img loading=\"lazy\" decoding=\"async\" width=\"1500\" height=\"1000\" data-id=\"939\" src=\"https:\/\/chmontenegrocompany.me\/wp-content\/uploads\/2021\/08\/18-2.jpg\" alt=\"\" class=\"wp-image-939\" srcset=\"https:\/\/chmontenegrocompany.me\/wp-content\/uploads\/2021\/08\/18-2.jpg 1500w, https:\/\/chmontenegrocompany.me\/wp-content\/uploads\/2021\/08\/18-2-600x400.jpg 600w, https:\/\/chmontenegrocompany.me\/wp-content\/uploads\/2021\/08\/18-2-300x200.jpg 300w, https:\/\/chmontenegrocompany.me\/wp-content\/uploads\/2021\/08\/18-2-1024x683.jpg 1024w, https:\/\/chmontenegrocompany.me\/wp-content\/uploads\/2021\/08\/18-2-768x512.jpg 768w\" sizes=\"auto, (max-width: 1500px) 100vw, 1500px\" \/><\/figure>\n\n\n\n<figure class=\"wp-block-image size-large is-style-rounded\"><img loading=\"lazy\" decoding=\"async\" width=\"550\" height=\"380\" data-id=\"714\" src=\"https:\/\/chmontenegrocompany.me\/wp-content\/uploads\/2021\/08\/6.jpg\" alt=\"\" class=\"wp-image-714\" srcset=\"https:\/\/chmontenegrocompany.me\/wp-content\/uploads\/2021\/08\/6.jpg 550w, https:\/\/chmontenegrocompany.me\/wp-content\/uploads\/2021\/08\/6-300x207.jpg 300w\" sizes=\"auto, (max-width: 550px) 100vw, 550px\" \/><\/figure>\n\n\n\n<figure class=\"wp-block-image size-large\"><img loading=\"lazy\" decoding=\"async\" width=\"900\" height=\"300\" data-id=\"944\" src=\"https:\/\/chmontenegrocompany.me\/wp-content\/uploads\/2021\/08\/23-1.jpg\" alt=\"\" class=\"wp-image-944\" srcset=\"https:\/\/chmontenegrocompany.me\/wp-content\/uploads\/2021\/08\/23-1.jpg 900w, https:\/\/chmontenegrocompany.me\/wp-content\/uploads\/2021\/08\/23-1-600x200.jpg 600w, https:\/\/chmontenegrocompany.me\/wp-content\/uploads\/2021\/08\/23-1-300x100.jpg 300w, https:\/\/chmontenegrocompany.me\/wp-content\/uploads\/2021\/08\/23-1-768x256.jpg 768w\" sizes=\"auto, (max-width: 900px) 100vw, 900px\" \/><\/figure>\n\n\n\n<figure class=\"wp-block-image size-large is-style-rounded\"><img loading=\"lazy\" decoding=\"async\" width=\"342\" height=\"228\" data-id=\"713\" src=\"https:\/\/chmontenegrocompany.me\/wp-content\/uploads\/2021\/08\/5.jpg\" alt=\"\" class=\"wp-image-713\" srcset=\"https:\/\/chmontenegrocompany.me\/wp-content\/uploads\/2021\/08\/5.jpg 342w, https:\/\/chmontenegrocompany.me\/wp-content\/uploads\/2021\/08\/5-300x200.jpg 300w\" sizes=\"auto, (max-width: 342px) 100vw, 342px\" \/><\/figure>\n\n\n\n<figure class=\"wp-block-image size-large\"><img loading=\"lazy\" decoding=\"async\" width=\"336\" height=\"225\" data-id=\"712\" src=\"https:\/\/chmontenegrocompany.me\/wp-content\/uploads\/2021\/08\/4.jpg\" alt=\"\" class=\"wp-image-712\" srcset=\"https:\/\/chmontenegrocompany.me\/wp-content\/uploads\/2021\/08\/4.jpg 336w, https:\/\/chmontenegrocompany.me\/wp-content\/uploads\/2021\/08\/4-300x201.jpg 300w\" sizes=\"auto, (max-width: 336px) 100vw, 336px\" \/><\/figure>\n<\/figure>\n<\/div>\n<\/div>\n<\/div><\/div>\n","protected":false},"excerpt":{"rendered":"<p>\u0130stanbul ve Antalya&#8217;da anla\u015fmal\u0131 kliniklerimizde; Plastik ve Rekonstr\u00fcktif Cerrahi, Di\u015f Tedavileri, Sa\u00e7 ekimi alanlar\u0131nda yabanc\u0131 hastalara dan\u0131\u015fmanl\u0131k ve tedavi hizmetleri veriyoruz. Hollanda, Almanya, \u0130ngiltere, Rusya, Norve\u00e7 ve Ukrayna &#8216; da \u015firketimize ba\u011fl\u0131 irtibat ofislerimiz ile geni\u015f hasta portf\u00f6y\u00fcne sahibiz. T\u00fcm hastalara ilk t\u0131bbi bilgilendirmeleri \u015fahsen kendimiz yap\u0131yoruz. Sa\u011fl\u0131\u011f\u0131n bir ekonomik kazan\u00e7 kap\u0131s\u0131 olmayaca\u011f\u0131 bilinci ile [&hellip;]<\/p>\n","protected":false},"author":1,"featured_media":0,"parent":0,"menu_order":0,"comment_status":"closed","ping_status":"closed","template":"","meta":{"footnotes":""},"class_list":["post-31","page","type-page","status-publish","hentry"],"_links":{"self":[{"href":"https:\/\/chmontenegrocompany.me\/index.php?rest_route=\/wp\/v2\/pages\/31","targetHints":{"allow":["GET"]}}],"collection":[{"href":"https:\/\/chmontenegrocompany.me\/index.php?rest_route=\/wp\/v2\/pages"}],"about":[{"href":"https:\/\/chmontenegrocompany.me\/index.php?rest_route=\/wp\/v2\/types\/page"}],"author":[{"embeddable":true,"href":"https:\/\/chmontenegrocompany.me\/index.php?rest_route=\/wp\/v2\/users\/1"}],"replies":[{"embeddable":true,"href":"https:\/\/chmontenegrocompany.me\/index.php?rest_route=%2Fwp%2Fv2%2Fcomments&post=31"}],"version-history":[{"count":5,"href":"https:\/\/chmontenegrocompany.me\/index.php?rest_route=\/wp\/v2\/pages\/31\/revisions"}],"predecessor-version":[{"id":2922,"href":"https:\/\/chmontenegrocompany.me\/index.php?rest_route=\/wp\/v2\/pages\/31\/revisions\/2922"}],"wp:attachment":[{"href":"https:\/\/chmontenegrocompany.me\/index.php?rest_route=%2Fwp%2Fv2%2Fmedia&parent=31"}],"curies":[{"name":"wp","href":"https:\/\/api.w.org\/{rel}","templated":true}]}}