{"id":380,"date":"2021-05-21T20:06:38","date_gmt":"2021-05-21T18:06:38","guid":{"rendered":"https:\/\/chmontenegrocompany.me\/?page_id=380"},"modified":"2025-09-11T23:19:03","modified_gmt":"2025-09-11T21:19:03","slug":"genc-girisimci-destegi","status":"publish","type":"page","link":"https:\/\/chmontenegrocompany.me\/?page_id=380","title":{"rendered":"\u0130novasyon"},"content":{"rendered":"\n<p class=\"has-text-align-center has-small-font-size\" style=\"letter-spacing:0px\">\u00d6zellikle <strong>Teknoloji, <\/strong><\/p>\n\n\n\n<p class=\"has-text-align-center has-small-font-size\" style=\"letter-spacing:0px\"><strong>Yaz\u0131l\u0131m, Yapay Zeka, <\/strong><\/p>\n\n\n\n<p class=\"has-text-align-center has-small-font-size\" style=\"letter-spacing:0px\"><strong>Turizm, Sa\u011fl\u0131k Turizmi ,Enerji(G\u00fcne\u015f-R\u00fczgar-Hidroelektrik)<\/strong><\/p>\n\n\n\n<p class=\"has-text-align-center has-small-font-size\" style=\"letter-spacing:0px\">alanlar\u0131ndaki efektif projeleri destekliyoruz. <\/p>\n\n\n\n<p class=\"has-text-align-center has-small-font-size\" style=\"letter-spacing:0px\"><strong>Gen\u00e7, \u00e7al\u0131\u015fkan ve yarat\u0131c\u0131 gen\u00e7lerin <\/strong><\/p>\n\n\n\n<p class=\"has-text-align-center has-small-font-size\" style=\"letter-spacing:0px\">D\u00fcnyan\u0131n geli\u015fme h\u0131z\u0131na orant\u0131l\u0131 geli\u015ftirdikleri inovatif <\/p>\n\n\n\n<p class=\"has-text-align-center has-small-font-size\" style=\"letter-spacing:0px\">projeler yaratt\u0131\u011f\u0131n\u0131 ancak olanaks\u0131zl\u0131klar y\u00fcz\u00fcnden <\/p>\n\n\n\n<p class=\"has-text-align-center has-small-font-size\" style=\"letter-spacing:0px\">projelerini hayata ge\u00e7iremediklerini biliyoruz.<\/p>\n\n\n\n<p class=\"has-text-align-center has-small-font-size\" style=\"letter-spacing:0px\">Bu nedenle gen\u00e7 giri\u015fimci arkada\u015flar\u0131m\u0131z\u0131n <\/p>\n\n\n\n<p class=\"has-text-align-center has-small-font-size\" style=\"letter-spacing:0px\">projelerine her zaman firma olarak destek oluyoruz. <\/p>\n\n\n\n<p class=\"has-text-align-center has-small-font-size\" style=\"letter-spacing:0px\"><strong>\u0130novatif bir projeniz yada fikriniz varsa irtibat kurmada gecikmeyin<\/strong> !!!<\/p>\n\n\n<div class=\"wp-block-image is-style-rounded\">\n<figure class=\"aligncenter size-full is-resized\"><img loading=\"lazy\" decoding=\"async\" width=\"900\" height=\"900\" src=\"https:\/\/chmontenegrocompany.me\/wp-content\/uploads\/2021\/08\/FOTO-14-2.jpg\" alt=\"\" class=\"wp-image-778\" style=\"width:378px;height:auto\" srcset=\"https:\/\/chmontenegrocompany.me\/wp-content\/uploads\/2021\/08\/FOTO-14-2.jpg 900w, https:\/\/chmontenegrocompany.me\/wp-content\/uploads\/2021\/08\/FOTO-14-2-300x300.jpg 300w, https:\/\/chmontenegrocompany.me\/wp-content\/uploads\/2021\/08\/FOTO-14-2-100x100.jpg 100w, https:\/\/chmontenegrocompany.me\/wp-content\/uploads\/2021\/08\/FOTO-14-2-600x600.jpg 600w, https:\/\/chmontenegrocompany.me\/wp-content\/uploads\/2021\/08\/FOTO-14-2-150x150.jpg 150w, https:\/\/chmontenegrocompany.me\/wp-content\/uploads\/2021\/08\/FOTO-14-2-768x768.jpg 768w, https:\/\/chmontenegrocompany.me\/wp-content\/uploads\/2021\/08\/FOTO-14-2-75x75.jpg 75w\" sizes=\"auto, (max-width: 900px) 100vw, 900px\" \/><\/figure><\/div>","protected":false},"excerpt":{"rendered":"<p>\u00d6zellikle Teknoloji, Yaz\u0131l\u0131m, Yapay Zeka, Turizm, Sa\u011fl\u0131k Turizmi ,Enerji(G\u00fcne\u015f-R\u00fczgar-Hidroelektrik) alanlar\u0131ndaki efektif projeleri destekliyoruz. Gen\u00e7, \u00e7al\u0131\u015fkan ve yarat\u0131c\u0131 gen\u00e7lerin D\u00fcnyan\u0131n geli\u015fme h\u0131z\u0131na orant\u0131l\u0131 geli\u015ftirdikleri inovatif projeler yaratt\u0131\u011f\u0131n\u0131 ancak olanaks\u0131zl\u0131klar y\u00fcz\u00fcnden projelerini hayata ge\u00e7iremediklerini biliyoruz. Bu nedenle gen\u00e7 giri\u015fimci arkada\u015flar\u0131m\u0131z\u0131n projelerine her zaman firma olarak destek oluyoruz. \u0130novatif bir projeniz yada fikriniz varsa irtibat kurmada gecikmeyin !!!<\/p>\n","protected":false},"author":1,"featured_media":0,"parent":0,"menu_order":0,"comment_status":"closed","ping_status":"closed","template":"","meta":{"footnotes":""},"class_list":["post-380","page","type-page","status-publish","hentry"],"_links":{"self":[{"href":"https:\/\/chmontenegrocompany.me\/index.php?rest_route=\/wp\/v2\/pages\/380","targetHints":{"allow":["GET"]}}],"collection":[{"href":"https:\/\/chmontenegrocompany.me\/index.php?rest_route=\/wp\/v2\/pages"}],"about":[{"href":"https:\/\/chmontenegrocompany.me\/index.php?rest_route=\/wp\/v2\/types\/page"}],"author":[{"embeddable":true,"href":"https:\/\/chmontenegrocompany.me\/index.php?rest_route=\/wp\/v2\/users\/1"}],"replies":[{"embeddable":true,"href":"https:\/\/chmontenegrocompany.me\/index.php?rest_route=%2Fwp%2Fv2%2Fcomments&post=380"}],"version-history":[{"count":5,"href":"https:\/\/chmontenegrocompany.me\/index.php?rest_route=\/wp\/v2\/pages\/380\/revisions"}],"predecessor-version":[{"id":2942,"href":"https:\/\/chmontenegrocompany.me\/index.php?rest_route=\/wp\/v2\/pages\/380\/revisions\/2942"}],"wp:attachment":[{"href":"https:\/\/chmontenegrocompany.me\/index.php?rest_route=%2Fwp%2Fv2%2Fmedia&parent=380"}],"curies":[{"name":"wp","href":"https:\/\/api.w.org\/{rel}","templated":true}]}}