{"id":414,"date":"2021-05-21T20:59:29","date_gmt":"2021-05-21T18:59:29","guid":{"rendered":"https:\/\/chmontenegrocompany.me\/?page_id=414"},"modified":"2025-09-11T23:21:48","modified_gmt":"2025-09-11T21:21:48","slug":"yatirim-ortakligi","status":"publish","type":"page","link":"https:\/\/chmontenegrocompany.me\/?page_id=414","title":{"rendered":"Yat\u0131r\u0131m Ortakl\u0131\u011f\u0131"},"content":{"rendered":"\n<p class=\"has-text-align-center has-small-font-size\" style=\"letter-spacing:0px\"><strong>Montenegro&#8217;da <\/strong> yeni <\/p>\n\n\n\n<p class=\"has-text-align-center has-small-font-size\" style=\"letter-spacing:0px\"><strong>karl\u0131 ve efektif projeye <\/strong><\/p>\n\n\n\n<p class=\"has-text-align-center has-small-font-size\" style=\"letter-spacing:0px\"><strong>yat\u0131r\u0131m orta\u011f\u0131<\/strong> <\/p>\n\n\n\n<p class=\"has-text-align-center has-small-font-size\" style=\"letter-spacing:0px\">olarak kat\u0131lmak isteyen yat\u0131r\u0131mc\u0131lara<\/p>\n\n\n\n<p class=\"has-text-align-center has-small-font-size\" style=\"letter-spacing:0px\">uygun \u015fartlar\u0131 sunuyoruz. <\/p>\n\n\n\n<p class=\"has-text-align-center has-small-font-size\" style=\"letter-spacing:0px\">Amac\u0131m\u0131z \u015firket misyon-vizyonu hedefinde bizimle y\u00fcr\u00fcmek isteyen yat\u0131r\u0131mc\u0131lara ;<\/p>\n\n\n\n<p class=\"has-text-align-center has-small-font-size\" style=\"letter-spacing:0px\">karl\u0131 projeler ve <strong>yenilikler sunmak<\/strong><\/p>\n\n\n\n<div class=\"wp-block-group\"><div class=\"wp-block-group__inner-container is-layout-constrained wp-block-group-is-layout-constrained\"><div class=\"wp-block-image is-style-rounded\">\n<figure class=\"aligncenter size-large is-resized\"><img loading=\"lazy\" decoding=\"async\" width=\"724\" height=\"1024\" src=\"https:\/\/chmontenegrocompany.me\/wp-content\/uploads\/2025\/04\/CH-life-complex-New-route-new-life-724x1024.jpg\" alt=\"\" class=\"wp-image-2489\" style=\"width:363px;height:auto\" srcset=\"https:\/\/chmontenegrocompany.me\/wp-content\/uploads\/2025\/04\/CH-life-complex-New-route-new-life-724x1024.jpg 724w, https:\/\/chmontenegrocompany.me\/wp-content\/uploads\/2025\/04\/CH-life-complex-New-route-new-life-scaled-600x849.jpg 600w, https:\/\/chmontenegrocompany.me\/wp-content\/uploads\/2025\/04\/CH-life-complex-New-route-new-life-212x300.jpg 212w, https:\/\/chmontenegrocompany.me\/wp-content\/uploads\/2025\/04\/CH-life-complex-New-route-new-life-768x1086.jpg 768w, https:\/\/chmontenegrocompany.me\/wp-content\/uploads\/2025\/04\/CH-life-complex-New-route-new-life-1086x1536.jpg 1086w, https:\/\/chmontenegrocompany.me\/wp-content\/uploads\/2025\/04\/CH-life-complex-New-route-new-life-1448x2048.jpg 1448w, https:\/\/chmontenegrocompany.me\/wp-content\/uploads\/2025\/04\/CH-life-complex-New-route-new-life-1140x1612.jpg 1140w, https:\/\/chmontenegrocompany.me\/wp-content\/uploads\/2025\/04\/CH-life-complex-New-route-new-life-scaled.jpg 1810w\" sizes=\"auto, (max-width: 724px) 100vw, 724px\" \/><\/figure><\/div><\/div><\/div>\n\n\n\n<p><\/p>\n","protected":false},"excerpt":{"rendered":"<p>Montenegro&#8217;da yeni karl\u0131 ve efektif projeye yat\u0131r\u0131m orta\u011f\u0131 olarak kat\u0131lmak isteyen yat\u0131r\u0131mc\u0131lara uygun \u015fartlar\u0131 sunuyoruz. Amac\u0131m\u0131z \u015firket misyon-vizyonu hedefinde bizimle y\u00fcr\u00fcmek isteyen yat\u0131r\u0131mc\u0131lara ; karl\u0131 projeler ve yenilikler sunmak<\/p>\n","protected":false},"author":1,"featured_media":0,"parent":0,"menu_order":0,"comment_status":"closed","ping_status":"closed","template":"","meta":{"footnotes":""},"class_list":["post-414","page","type-page","status-publish","hentry"],"_links":{"self":[{"href":"https:\/\/chmontenegrocompany.me\/index.php?rest_route=\/wp\/v2\/pages\/414","targetHints":{"allow":["GET"]}}],"collection":[{"href":"https:\/\/chmontenegrocompany.me\/index.php?rest_route=\/wp\/v2\/pages"}],"about":[{"href":"https:\/\/chmontenegrocompany.me\/index.php?rest_route=\/wp\/v2\/types\/page"}],"author":[{"embeddable":true,"href":"https:\/\/chmontenegrocompany.me\/index.php?rest_route=\/wp\/v2\/users\/1"}],"replies":[{"embeddable":true,"href":"https:\/\/chmontenegrocompany.me\/index.php?rest_route=%2Fwp%2Fv2%2Fcomments&post=414"}],"version-history":[{"count":5,"href":"https:\/\/chmontenegrocompany.me\/index.php?rest_route=\/wp\/v2\/pages\/414\/revisions"}],"predecessor-version":[{"id":2945,"href":"https:\/\/chmontenegrocompany.me\/index.php?rest_route=\/wp\/v2\/pages\/414\/revisions\/2945"}],"wp:attachment":[{"href":"https:\/\/chmontenegrocompany.me\/index.php?rest_route=%2Fwp%2Fv2%2Fmedia&parent=414"}],"curies":[{"name":"wp","href":"https:\/\/api.w.org\/{rel}","templated":true}]}}