{"id":677,"date":"2021-07-21T19:09:59","date_gmt":"2021-07-21T17:09:59","guid":{"rendered":"https:\/\/www.chmontenegrocompany.me\/?page_id=677"},"modified":"2025-09-11T23:12:09","modified_gmt":"2025-09-11T21:12:09","slug":"hakkimizda-2","status":"publish","type":"page","link":"https:\/\/chmontenegrocompany.me\/?page_id=677","title":{"rendered":"Hakk\u0131m\u0131zda"},"content":{"rendered":"\n<p class=\"has-text-align-center has-small-font-size\"><strong>2019<\/strong> y\u0131l\u0131nda \u015firketimizi kurarak faaliyete ba\u015flad\u0131k.<\/p>\n\n\n\n<p class=\"has-text-align-center has-small-font-size\"><strong>Uzman Doktorum (Acil T\u0131p Uzman\u0131) Ayr\u0131ca executive e-MBA <\/strong>e\u011fitimi ald\u0131m.<\/p>\n\n\n\n<p class=\"has-text-align-center has-small-font-size\"> \u0130ngilizce ve Rus\u00e7a biliyorum.<\/p>\n\n\n\n<p class=\"has-text-align-center has-small-font-size\">E\u015fim <strong>Antropolog (Sa\u011fl\u0131k) ve Sa\u011fl\u0131k Turizmi Y\u00fcksek Lisans <\/strong>e\u011fitimi ald\u0131. <\/p>\n\n\n\n<p class=\"has-text-align-center has-small-font-size\">\u0130ngilizce ve Rus\u00e7a biliyor.<\/p>\n\n\n\n<p class=\"has-text-align-center has-black-color has-text-color has-small-font-size\"><strong>\u015eirket kurulumu, oturum izinlerin al\u0131nmas\u0131, <\/strong><\/p>\n\n\n\n<p class=\"has-text-align-center has-black-color has-text-color has-small-font-size\"><strong>gayrimenkul yat\u0131r\u0131m dan\u0131\u015fmanl\u0131\u011f\u0131 ,<\/strong><\/p>\n\n\n\n<p class=\"has-text-align-center has-black-color has-text-color has-small-font-size\"><strong>sa\u011fl\u0131k turizmi, <\/strong><\/p>\n\n\n\n<p class=\"has-text-align-center has-black-color has-text-color has-small-font-size\"><strong>finans ve i\u015fletme dan\u0131\u015fmanl\u0131\u011f\u0131<\/strong> <\/p>\n\n\n\n<p class=\"has-text-align-center has-black-color has-text-color has-small-font-size\"><strong>m\u00fc\u015favirlik ve muhasebe hizmetleri, <\/strong><\/p>\n\n\n\n<p class=\"has-text-align-center has-black-color has-text-color has-small-font-size\"><strong>ara\u00e7 kiralama, havaalan\u0131 transfer, <\/strong><\/p>\n\n\n\n<p class=\"has-text-align-center has-black-color has-text-color has-small-font-size\"><strong>konut bak\u0131m\u0131 ve kiralama hizmetleri, <\/strong><\/p>\n\n\n\n<p class=\"has-text-align-center has-black-color has-text-color has-small-font-size\"><strong>ithalat ve ihracat<\/strong>.<\/p>\n\n\n<div class=\"wp-block-image is-style-default\">\n<figure class=\"aligncenter size-large is-resized\"><img loading=\"lazy\" decoding=\"async\" width=\"1024\" height=\"550\" src=\"https:\/\/chmontenegrocompany.me\/wp-content\/uploads\/2021\/09\/02-e1757528102339-1024x550.jpg\" alt=\"\" class=\"wp-image-1404\" style=\"width:478px\" srcset=\"https:\/\/chmontenegrocompany.me\/wp-content\/uploads\/2021\/09\/02-e1757528102339-1024x550.jpg 1024w, https:\/\/chmontenegrocompany.me\/wp-content\/uploads\/2021\/09\/02-e1757528102339-300x161.jpg 300w, https:\/\/chmontenegrocompany.me\/wp-content\/uploads\/2021\/09\/02-e1757528102339-768x412.jpg 768w, https:\/\/chmontenegrocompany.me\/wp-content\/uploads\/2021\/09\/02-e1757528102339-1536x825.jpg 1536w, https:\/\/chmontenegrocompany.me\/wp-content\/uploads\/2021\/09\/02-e1757528102339.jpg 1775w\" sizes=\"auto, (max-width: 1024px) 100vw, 1024px\" \/><\/figure><\/div>","protected":false},"excerpt":{"rendered":"<p>2019 y\u0131l\u0131nda \u015firketimizi kurarak faaliyete ba\u015flad\u0131k. Uzman Doktorum (Acil T\u0131p Uzman\u0131) Ayr\u0131ca executive e-MBA e\u011fitimi ald\u0131m. \u0130ngilizce ve Rus\u00e7a biliyorum. E\u015fim Antropolog (Sa\u011fl\u0131k) ve Sa\u011fl\u0131k Turizmi Y\u00fcksek Lisans e\u011fitimi ald\u0131. \u0130ngilizce ve Rus\u00e7a biliyor. \u015eirket kurulumu, oturum izinlerin al\u0131nmas\u0131, gayrimenkul yat\u0131r\u0131m dan\u0131\u015fmanl\u0131\u011f\u0131 , sa\u011fl\u0131k turizmi, finans ve i\u015fletme dan\u0131\u015fmanl\u0131\u011f\u0131 m\u00fc\u015favirlik ve muhasebe hizmetleri, ara\u00e7 kiralama, [&hellip;]<\/p>\n","protected":false},"author":1,"featured_media":0,"parent":0,"menu_order":0,"comment_status":"closed","ping_status":"closed","template":"","meta":{"footnotes":""},"class_list":["post-677","page","type-page","status-publish","hentry"],"_links":{"self":[{"href":"https:\/\/chmontenegrocompany.me\/index.php?rest_route=\/wp\/v2\/pages\/677","targetHints":{"allow":["GET"]}}],"collection":[{"href":"https:\/\/chmontenegrocompany.me\/index.php?rest_route=\/wp\/v2\/pages"}],"about":[{"href":"https:\/\/chmontenegrocompany.me\/index.php?rest_route=\/wp\/v2\/types\/page"}],"author":[{"embeddable":true,"href":"https:\/\/chmontenegrocompany.me\/index.php?rest_route=\/wp\/v2\/users\/1"}],"replies":[{"embeddable":true,"href":"https:\/\/chmontenegrocompany.me\/index.php?rest_route=%2Fwp%2Fv2%2Fcomments&post=677"}],"version-history":[{"count":5,"href":"https:\/\/chmontenegrocompany.me\/index.php?rest_route=\/wp\/v2\/pages\/677\/revisions"}],"predecessor-version":[{"id":2938,"href":"https:\/\/chmontenegrocompany.me\/index.php?rest_route=\/wp\/v2\/pages\/677\/revisions\/2938"}],"wp:attachment":[{"href":"https:\/\/chmontenegrocompany.me\/index.php?rest_route=%2Fwp%2Fv2%2Fmedia&parent=677"}],"curies":[{"name":"wp","href":"https:\/\/api.w.org\/{rel}","templated":true}]}}